{"id":1253,"date":"2021-06-22T09:16:28","date_gmt":"2021-06-22T07:16:28","guid":{"rendered":"https:\/\/www.hkf-plv.com\/?page_id=1253"},"modified":"2023-06-20T12:10:36","modified_gmt":"2023-06-20T10:10:36","slug":"notre-demarche-rse","status":"publish","type":"page","link":"https:\/\/www.hkf-plv.com\/en\/notre-demarche-rse\/","title":{"rendered":"Notre d\u00e9marche RSE"},"content":{"rendered":"<div data-elementor-type=\"wp-page\" data-elementor-id=\"1253\" class=\"elementor elementor-1253\">\n\t\t\t\t\t\t<div class=\"elementor-inner\">\n\t\t\t\t<div class=\"elementor-section-wrap\">\n\t\t\t\t\t\t\t\t\t<section class=\"elementor-section elementor-top-section elementor-element elementor-element-1e9a31c elementor-section-stretched elementor-section-boxed elementor-section-height-default elementor-section-height-default\" data-id=\"1e9a31c\" data-element_type=\"section\" data-settings=\"{&quot;stretch_section&quot;:&quot;section-stretched&quot;}\">\n\t\t\t\t\t\t<div class=\"elementor-container elementor-column-gap-default\">\n\t\t\t\t\t\t\t<div class=\"elementor-row\">\n\t\t\t\t\t<div class=\"elementor-column elementor-col-100 elementor-top-column elementor-element elementor-element-8b8a5a9\" data-id=\"8b8a5a9\" data-element_type=\"column\">\n\t\t\t<div class=\"elementor-column-wrap elementor-element-populated\">\n\t\t\t\t\t\t\t<div class=\"elementor-widget-wrap\">\n\t\t\t\t\t\t<div class=\"elementor-element elementor-element-d686806 elementor-widget elementor-widget-text-editor\" data-id=\"d686806\" data-element_type=\"widget\" data-widget_type=\"text-editor.default\">\n\t\t\t\t<div class=\"elementor-widget-container\">\n\t\t\t\t\t\t\t\t<div class=\"elementor-text-editor elementor-clearfix\">\n\t\t\t\t<h5>Chez HKF FRANCE, nous croyons en la Responsabilit\u00e9 Sociale des Entreprises (RSE) comme moteur de progr\u00e8s. D\u00e9couvrez nos engagements et initiatives en mati\u00e8re de RSE, qui guident nos actions pour cr\u00e9er un impact positif sur l&rsquo;environnement, nos collaborateurs et la soci\u00e9t\u00e9 dans son ensemble.<\/h5><p>\u00a0<\/p><p>\u00a0<\/p><p>\u00a0<\/p><div>*<\/div><div><span style=\"color: var( --e-global-color-text );\">\u00a0<\/span><span style=\"text-decoration-line: underline; color: #111111; font-family: 'IBM Plex Sans Condensed', sans-serif; font-size: 16px; letter-spacing: 0.1em; text-align: center; text-transform: uppercase;\">PR\u00c9SERVATION DE L&rsquo;ENVIRONNEMENT :<\/span><\/div><div><h5>CHEZ HKF FRANCE, NOUS SOMMES R\u00c9SOLUS \u00c0 MINIMISER NOTRE IMPACT ENVIRONNEMENTAL. CELA SE TRADUIT PAR DES ACTIONS CONCR\u00c8TES TELLES QUE L&rsquo;ADOPTION DE PRATIQUES \u00c9CO-RESPONSABLES, L&rsquo;UTILISATION DE MAT\u00c9RIAUX RECYCLABLES ET DURABLES, LA R\u00c9DUCTION DE NOTRE CONSOMMATION D&rsquo;\u00c9NERGIE ET LA GESTION RESPONSABLE DE NOS D\u00c9CHETS.<\/h5><\/div><div><h5><span style=\"text-decoration-line: underline;\">\u00c9THIQUE ET TRANSPARENCE :<\/span><\/h5><h5>L&rsquo;\u00c9THIQUE EST AU C\u0152UR DE NOTRE ENTREPRISE. NOUS NOUS ENGAGEONS \u00c0 RESPECTER LES NORMES \u00c9THIQUES LES PLUS \u00c9LEV\u00c9ES, \u00c0 PROMOUVOIR DES RELATIONS COMMERCIALES \u00c9QUITABLES ET TRANSPARENTES, ET \u00c0 LUTTER CONTRE LA CORRUPTION SOUS TOUTES SES FORMES. NOTRE ENGAGEMENT ENVERS LA TRANSPARENCE SE REFL\u00c8TE \u00c9GALEMENT DANS LA COMMUNICATION OUVERTE AVEC NOS PARTIES PRENANTES.<\/h5><h5><span style=\"text-decoration-line: underline;\">BIEN-\u00caTRE DES COLLABORATEURS<\/span><span style=\"text-decoration-line: underline;\">\u00a0:<\/span><\/h5><\/div><div><h5>NOUS CONSID\u00c9RONS NOS COLLABORATEURS COMME NOTRE ATOUT LE PLUS PR\u00c9CIEUX. CHEZ HKF FRANCE, NOUS VEILLONS \u00c0 CR\u00c9ER UN ENVIRONNEMENT DE TRAVAIL INCLUSIF, RESPECTUEUX ET PROPICE \u00c0 L&rsquo;\u00c9PANOUISSEMENT PROFESSIONNEL. NOUS INVESTISSONS DANS LA FORMATION ET LE D\u00c9VELOPPEMENT DE NOS \u00c9QUIPES, FAVORISONS L&rsquo;\u00c9QUILIBRE TRAVAIL-VIE PERSONNELLE ET ENCOURAGEONS LA DIVERSIT\u00c9 ET L&rsquo;INCLUSION.<\/h5><\/div>\t\t\t\t\t<\/div>\n\t\t\t\t\t\t<\/div>\n\t\t\t\t<\/div>\n\t\t\t\t\t\t<\/div>\n\t\t\t\t\t<\/div>\n\t\t<\/div>\n\t\t\t\t\t\t\t\t<\/div>\n\t\t\t\t\t<\/div>\n\t\t<\/section>\n\t\t\t\t<section class=\"elementor-section elementor-top-section elementor-element elementor-element-7d6c1c1 elementor-section-boxed elementor-section-height-default elementor-section-height-default\" data-id=\"7d6c1c1\" data-element_type=\"section\">\n\t\t\t\t\t\t<div class=\"elementor-container elementor-column-gap-default\">\n\t\t\t\t\t\t\t<div class=\"elementor-row\">\n\t\t\t\t\t<div class=\"elementor-column elementor-col-100 elementor-top-column elementor-element elementor-element-6b56092\" data-id=\"6b56092\" data-element_type=\"column\">\n\t\t\t<div class=\"elementor-column-wrap elementor-element-populated\">\n\t\t\t\t\t\t\t<div class=\"elementor-widget-wrap\">\n\t\t\t\t\t\t<div class=\"elementor-element elementor-element-e92c087 elementor-widget elementor-widget-image\" data-id=\"e92c087\" data-element_type=\"widget\" data-widget_type=\"image.default\">\n\t\t\t\t<div class=\"elementor-widget-container\">\n\t\t\t\t\t\t\t\t<div class=\"elementor-image\">\n\t\t\t\t\t\t\t\t\t\t\t\t<img width=\"600\" height=\"600\" src=\"https:\/\/www.hkf-plv.com\/wp-content\/uploads\/2022\/03\/HKFFrance-1024x1024.png\" class=\"attachment-large size-large\" alt=\"\" loading=\"lazy\" srcset=\"https:\/\/www.hkf-plv.com\/wp-content\/uploads\/2022\/03\/HKFFrance-1024x1024.png 1024w, https:\/\/www.hkf-plv.com\/wp-content\/uploads\/2022\/03\/HKFFrance-300x300.png 300w, https:\/\/www.hkf-plv.com\/wp-content\/uploads\/2022\/03\/HKFFrance-150x150.png 150w, https:\/\/www.hkf-plv.com\/wp-content\/uploads\/2022\/03\/HKFFrance-768x768.png 768w, https:\/\/www.hkf-plv.com\/wp-content\/uploads\/2022\/03\/HKFFrance-1536x1536.png 1536w, https:\/\/www.hkf-plv.com\/wp-content\/uploads\/2022\/03\/HKFFrance-2048x2048.png 2048w, https:\/\/www.hkf-plv.com\/wp-content\/uploads\/2022\/03\/HKFFrance-12x12.png 12w, https:\/\/www.hkf-plv.com\/wp-content\/uploads\/2022\/03\/HKFFrance-2000x2000.png 2000w, https:\/\/www.hkf-plv.com\/wp-content\/uploads\/2022\/03\/HKFFrance-1600x1600.png 1600w, https:\/\/www.hkf-plv.com\/wp-content\/uploads\/2022\/03\/HKFFrance-1200x1200.png 1200w, https:\/\/www.hkf-plv.com\/wp-content\/uploads\/2022\/03\/HKFFrance-900x900.png 900w, https:\/\/www.hkf-plv.com\/wp-content\/uploads\/2022\/03\/HKFFrance-600x600.png 600w, https:\/\/www.hkf-plv.com\/wp-content\/uploads\/2022\/03\/HKFFrance-30x30.png 30w\" sizes=\"(max-width: 600px) 100vw, 600px\" \/>\t\t\t\t\t\t\t\t\t\t\t\t\t\t<\/div>\n\t\t\t\t\t\t<\/div>\n\t\t\t\t<\/div>\n\t\t\t\t\t\t<\/div>\n\t\t\t\t\t<\/div>\n\t\t<\/div>\n\t\t\t\t\t\t\t\t<\/div>\n\t\t\t\t\t<\/div>\n\t\t<\/section>\n\t\t\t\t<section class=\"elementor-section elementor-top-section elementor-element elementor-element-9e27099 elementor-section-stretched elementor-section-boxed elementor-section-height-default elementor-section-height-default\" data-id=\"9e27099\" data-element_type=\"section\" data-settings=\"{&quot;stretch_section&quot;:&quot;section-stretched&quot;}\">\n\t\t\t\t\t\t<div class=\"elementor-container elementor-column-gap-default\">\n\t\t\t\t\t\t\t<div class=\"elementor-row\">\n\t\t\t\t\t<div class=\"elementor-column elementor-col-100 elementor-top-column elementor-element elementor-element-c3d62a7\" data-id=\"c3d62a7\" data-element_type=\"column\">\n\t\t\t<div class=\"elementor-column-wrap\">\n\t\t\t\t\t\t\t<div class=\"elementor-widget-wrap\">\n\t\t\t\t\t\t\t\t<\/div>\n\t\t\t\t\t<\/div>\n\t\t<\/div>\n\t\t\t\t\t\t\t\t<\/div>\n\t\t\t\t\t<\/div>\n\t\t<\/section>\n\t\t\t\t<section class=\"elementor-section elementor-top-section elementor-element elementor-element-58b2d0d elementor-section-stretched elementor-section-boxed elementor-section-height-default elementor-section-height-default\" data-id=\"58b2d0d\" data-element_type=\"section\" data-settings=\"{&quot;stretch_section&quot;:&quot;section-stretched&quot;}\">\n\t\t\t\t\t\t<div class=\"elementor-container elementor-column-gap-default\">\n\t\t\t\t\t\t\t<div class=\"elementor-row\">\n\t\t\t\t\t<div class=\"elementor-column elementor-col-100 elementor-top-column elementor-element elementor-element-4e5ed0c\" data-id=\"4e5ed0c\" data-element_type=\"column\">\n\t\t\t<div class=\"elementor-column-wrap elementor-element-populated\">\n\t\t\t\t\t\t\t<div class=\"elementor-widget-wrap\">\n\t\t\t\t\t\t<div class=\"elementor-element elementor-element-4f002b8 elementor-widget elementor-widget-text-editor\" data-id=\"4f002b8\" data-element_type=\"widget\" data-widget_type=\"text-editor.default\">\n\t\t\t\t<div class=\"elementor-widget-container\">\n\t\t\t\t\t\t\t\t<div class=\"elementor-text-editor elementor-clearfix\">\n\t\t\t\t<h5 style=\"text-align: left;\"><span style=\"letter-spacing: 0.1em; text-align: justify;\">POUR MIEUX CONTRIBUER AU D\u00c9VELOPPEMENT DURABLE, IL NE SUFFIT PAS DE R\u00c9DUIRE SES IMPACTS N\u00c9GATIFS, MAIS AUSSI DE VOIR COMMENT SON ACTIVIT\u00c9 CONTRIBUE \u00c0 LA DURABILIT\u00c9 DE LA PLAN\u00c8TE.<\/span><\/h5><div><h5>HKF FRANCE PROMET DE METTRE EN \u0152UVRE TOUS LES MOYENS N\u00c9CESSAIRES POUR ATTEINDRE LES OBJECTIFS QUE NOUS NOUS SOMMES FIX\u00c9S DANS LE RESPECT DE NOS VALEURS.<\/h5><h5>\u00a0<\/h5><h5>DANS CETTE D\u00c9MARCHE, NOUS VALORISONS LES PARTENARIATS AVEC DES ENTREPRISES QUI PARTAGENT NOS VALEURS DE DURABILIT\u00c9 ET DE RESPONSABILIT\u00c9. C&rsquo;EST POURQUOI NOUS COLLABORONS AVEC DES PARTENAIRES POSS\u00c9DANT DES LABELS ET CERTIFICATIONS RECONNUS DANS LE DOMAINE DE LA RSE. NOUS NOUS ASSURONS QUE NOS FOURNISSEURS RESPECTENT DES NORMES STRICTES EN MATI\u00c8RE DE PRATIQUES \u00c9THIQUES, DE RESPECT DE L&rsquo;ENVIRONNEMENT ET DE CONDITIONS DE TRAVAIL \u00c9QUITABLES. CES CERTIFICATIONS INCLUENT, ENTRE AUTRES, DES LABELS TELS QUE <strong>ISO 14001 POUR LA GESTION ENVIRONNEMENTALE, FSC, PEFC, IMPRIM VERT, REACH, ROHS ETC.<\/strong><\/h5><h5>\u00a0<\/h5><h5>DE PLUS, NOUS TRAVAILLONS AVEC LE LOGICIEL ECOPOP, PROPOSE PAR LE POPAI, UN OUTIL PUISSANT D&rsquo;AIDE \u00c0 LA PRISE DE D\u00c9CISION ET D&rsquo;\u00c9CO-CONCEPTION.<\/h5><h5>CE LOGICIEL INNOVANT NOUS PERMET D&rsquo;\u00c9VALUER L&rsquo;IMPACT ENVIRONNEMENTAL DE NOS PROJETS ET DE TROUVER DES SOLUTIONS PLUS DURABLES.\u00a0<\/h5><h5>GR\u00c2CE \u00c0 ECOPOP, NOUS SOMMES EN MESURE DE QUANTIFIER LES \u00c9MISSIONS DE CO2, DE R\u00c9DUIRE LA CONSOMMATION DE MATI\u00c8RES PREMI\u00c8RES ET DE MINIMISER LES D\u00c9CHETS, TOUT EN PR\u00c9SERVANT LA QUALIT\u00c9 ET L&rsquo;ESTH\u00c9TIQUE DE NOS R\u00c9ALISATIONS.\u00a0<\/h5><h5>CELA NOUS PERMET D&rsquo;OFFRIR \u00c0 NOS CLIENTS DES SOLUTIONS RESPECTUEUSES DE L&rsquo;ENVIRONNEMENT SANS COMPROMETTRE LA QUALIT\u00c9 ET L&rsquo;EFFICACIT\u00c9 DE NOS PRODUITS.<\/h5><\/div>\t\t\t\t\t<\/div>\n\t\t\t\t\t\t<\/div>\n\t\t\t\t<\/div>\n\t\t\t\t\t\t<\/div>\n\t\t\t\t\t<\/div>\n\t\t<\/div>\n\t\t\t\t\t\t\t\t<\/div>\n\t\t\t\t\t<\/div>\n\t\t<\/section>\n\t\t\t\t\t\t\t\t\t<\/div>\n\t\t\t<\/div>\n\t\t\t\t\t<\/div>","protected":false},"excerpt":{"rendered":"<p>Chez HKF FRANCE, nous croyons en la Responsabilit\u00e9 Sociale des Entreprises (RSE) comme moteur de progr\u00e8s. D\u00e9couvrez nos engagements et initiatives en mati\u00e8re de RSE, qui guident nos actions pour cr\u00e9er un impact positif sur l&rsquo;environnement, nos collaborateurs et la soci\u00e9t\u00e9 dans son ensemble. \u00a0 \u00a0 \u00a0 *\u00a0PR\u00c9SERVATION DE L&rsquo;ENVIRONNEMENT : CHEZ HKF FRANCE, NOUS&#8230;<\/p>\n<div class=\"[&hellip;]\"><a href=\"https:\/\/www.hkf-plv.com\/en\/notre-demarche-rse\/\">Read More <i class=\"os-icon os-icon-angle-right\"><\/i><\/a><\/div>","protected":false},"author":1,"featured_media":0,"parent":0,"menu_order":0,"comment_status":"closed","ping_status":"closed","template":"elementor_theme","meta":{"inline_featured_image":false},"_links":{"self":[{"href":"https:\/\/www.hkf-plv.com\/en\/wp-json\/wp\/v2\/pages\/1253"}],"collection":[{"href":"https:\/\/www.hkf-plv.com\/en\/wp-json\/wp\/v2\/pages"}],"about":[{"href":"https:\/\/www.hkf-plv.com\/en\/wp-json\/wp\/v2\/types\/page"}],"author":[{"embeddable":true,"href":"https:\/\/www.hkf-plv.com\/en\/wp-json\/wp\/v2\/users\/1"}],"replies":[{"embeddable":true,"href":"https:\/\/www.hkf-plv.com\/en\/wp-json\/wp\/v2\/comments?post=1253"}],"version-history":[{"count":46,"href":"https:\/\/www.hkf-plv.com\/en\/wp-json\/wp\/v2\/pages\/1253\/revisions"}],"predecessor-version":[{"id":1679,"href":"https:\/\/www.hkf-plv.com\/en\/wp-json\/wp\/v2\/pages\/1253\/revisions\/1679"}],"wp:attachment":[{"href":"https:\/\/www.hkf-plv.com\/en\/wp-json\/wp\/v2\/media?parent=1253"}],"curies":[{"name":"wp","href":"https:\/\/api.w.org\/{rel}","templated":true}]}}