{"id":7,"date":"2020-09-03T16:33:53","date_gmt":"2020-09-03T14:33:53","guid":{"rendered":"https:\/\/www.hkf-plv.com\/?page_id=7"},"modified":"2022-03-14T15:38:52","modified_gmt":"2022-03-14T14:38:52","slug":"apropos","status":"publish","type":"page","link":"https:\/\/www.hkf-plv.com\/en\/apropos\/","title":{"rendered":"About"},"content":{"rendered":"<div data-elementor-type=\"wp-page\" data-elementor-id=\"7\" class=\"elementor elementor-7\">\n\t\t\t\t\t\t<div class=\"elementor-inner\">\n\t\t\t\t<div class=\"elementor-section-wrap\">\n\t\t\t\t\t\t\t\t\t<section class=\"elementor-section elementor-top-section elementor-element elementor-element-104a429 elementor-section-stretched elementor-section-boxed elementor-section-height-default elementor-section-height-default\" data-id=\"104a429\" data-element_type=\"section\" data-settings=\"{&quot;stretch_section&quot;:&quot;section-stretched&quot;}\">\n\t\t\t\t\t\t<div class=\"elementor-container elementor-column-gap-default\">\n\t\t\t\t\t\t\t<div class=\"elementor-row\">\n\t\t\t\t\t<div class=\"elementor-column elementor-col-100 elementor-top-column elementor-element elementor-element-adcecbe\" data-id=\"adcecbe\" data-element_type=\"column\">\n\t\t\t<div class=\"elementor-column-wrap elementor-element-populated\">\n\t\t\t\t\t\t\t<div class=\"elementor-widget-wrap\">\n\t\t\t\t\t\t<div class=\"elementor-element elementor-element-105629b elementor-widget elementor-widget-text-editor\" data-id=\"105629b\" data-element_type=\"widget\" data-widget_type=\"text-editor.default\">\n\t\t\t\t<div class=\"elementor-widget-container\">\n\t\t\t\t\t\t\t\t<div class=\"elementor-text-editor elementor-clearfix\">\n\t\t\t\t<p style=\"text-align: center;\"><span style=\"color: #111111; font-family: 'IBM Plex Sans Condensed', sans-serif; font-size: 16px; font-weight: bold; letter-spacing: 0.1em; text-align: center; text-transform: uppercase;\">Since 2004,&nbsp;<\/span><span style=\"color: #111111; font-family: 'IBM Plex Sans Condensed', sans-serif; font-size: 16px; font-weight: bold; letter-spacing: 0.1em; text-align: center; text-transform: uppercase; text-decoration-line: underline;\">HKF FRANCE <\/span><span style=\"color: #111111; font-family: 'IBM Plex Sans Condensed', sans-serif; font-size: 16px; font-weight: bold; letter-spacing: 0.1em; text-align: center; text-transform: uppercase;\">INTERVIENT AUPR\u00c8S DES ANNONCEURS ET AGENCES POUR LE&nbsp;CONSEIL, LA&nbsp;CR\u00c9ATION, LA&nbsp;PRODUCTION&nbsp;ET LE D\u00c9PLOIEMENT&nbsp;DE LEURS PROJETS DE&nbsp;<\/span><span style=\"color: #111111; font-family: 'IBM Plex Sans Condensed', sans-serif; font-size: 16px; font-weight: bold; letter-spacing: 0.1em; text-align: center; text-transform: uppercase; text-decoration-line: underline;\">POINT OF SALE MARKETING PROJECTS<\/span><span style=\"color: #111111; font-family: 'IBM Plex Sans Condensed', sans-serif; font-size: 16px; font-weight: bold; letter-spacing: 0.1em; text-align: center; text-transform: uppercase;\">.<\/span><\/p>\n<h5>&nbsp;<\/h5>\n<h5 style=\"text-align: center;\">THANKS TO THE LOYALTY OF OUR CUSTOMERS, WE HAVE IMPOSED OURSELVES IN THIS VERY COMPETITIVE MARKET IN THE UNIVERSE OF<span style=\"text-decoration-line: underline;\">JEWELRY AND WATCHES<\/span>,&nbsp;<span style=\"text-decoration-line: underline;\">Glasses<\/span>,&nbsp;<span style=\"text-decoration-line: underline;\">COSMETICS<\/span>,&nbsp;<span style=\"text-decoration-line: underline;\">READY TO WEAR<\/span>,&nbsp;<span style=\"text-decoration-line: underline;\">SELECTIVE RETAILING<\/span>&nbsp;OR&nbsp;<span style=\"text-decoration-line: underline;\">MASS RETAIL<\/span>.<\/h5>\n<h5 style=\"text-align: center;\">OUR AGENCY IS COMPOSED OF TWO ENTITIES :<\/h5>\n<h5 style=\"text-align: center;\"><span style=\"text-decoration-line: underline;\">HK Fashion ltd by lonilead<\/span>, BASED IN SHENZHEN, CHINA, INTEGRATING A CREATION, DESIGN, SOURCING, QUALITY CONTROL AND LOGISTICS DEPARTMENTS.<\/h5>\n<h5 style=\"text-align: center;\"><u>HKF FRANCE <\/u>BAS\u00c9E \u00c0 B\u00c8GLES, EN FRANCE, INT\u00c9GRANT UN P\u00d4LE de CR\u00c9ATION, DE BUREAU D&rsquo;\u00c9TUDES, COMMERCIAL ET DE LOGISTIQUE.<\/h5>\n<h5 style=\"text-align: center;\">THIS PRESENCE IN&nbsp;<span style=\"text-decoration-line: underline;\">EUROPE<\/span>&nbsp;AND IN&nbsp;<span style=\"text-decoration-line: underline;\">ASIA<\/span>, ALLOWS US TO MEET ALL YOUR NEEDS WITH FLEXIBILITY AND REACTIVITY WITH&nbsp;<span style=\"text-decoration-line: underline;\">A WORLDWIDE<\/span>&nbsp;AND&nbsp;<span style=\"text-decoration-line: underline;\">GLOBAL OFFER.<\/span><\/h5>\t\t\t\t\t<\/div>\n\t\t\t\t\t\t<\/div>\n\t\t\t\t<\/div>\n\t\t\t\t\t\t<\/div>\n\t\t\t\t\t<\/div>\n\t\t<\/div>\n\t\t\t\t\t\t\t\t<\/div>\n\t\t\t\t\t<\/div>\n\t\t<\/section>\n\t\t\t\t<section class=\"elementor-section elementor-top-section elementor-element elementor-element-4640b01 elementor-section-stretched elementor-section-boxed elementor-section-height-default elementor-section-height-default\" data-id=\"4640b01\" data-element_type=\"section\" data-settings=\"{&quot;stretch_section&quot;:&quot;section-stretched&quot;}\">\n\t\t\t\t\t\t<div class=\"elementor-container elementor-column-gap-default\">\n\t\t\t\t\t\t\t<div class=\"elementor-row\">\n\t\t\t\t\t<div class=\"elementor-column elementor-col-33 elementor-top-column elementor-element elementor-element-b3ee891\" data-id=\"b3ee891\" data-element_type=\"column\">\n\t\t\t<div class=\"elementor-column-wrap elementor-element-populated\">\n\t\t\t\t\t\t\t<div class=\"elementor-widget-wrap\">\n\t\t\t\t\t\t<div class=\"elementor-element elementor-element-aba4349 elementor-widget elementor-widget-image\" data-id=\"aba4349\" data-element_type=\"widget\" data-widget_type=\"image.default\">\n\t\t\t\t<div class=\"elementor-widget-container\">\n\t\t\t\t\t\t\t\t<div class=\"elementor-image\">\n\t\t\t\t\t\t\t\t\t\t\t\t<img width=\"600\" height=\"400\" src=\"https:\/\/www.hkf-plv.com\/wp-content\/uploads\/2020\/09\/4-1024x683.jpg\" class=\"attachment-large size-large\" alt=\"\" loading=\"lazy\" srcset=\"https:\/\/www.hkf-plv.com\/wp-content\/uploads\/2020\/09\/4-1024x683.jpg 1024w, https:\/\/www.hkf-plv.com\/wp-content\/uploads\/2020\/09\/4-300x200.jpg 300w, https:\/\/www.hkf-plv.com\/wp-content\/uploads\/2020\/09\/4-768x512.jpg 768w, https:\/\/www.hkf-plv.com\/wp-content\/uploads\/2020\/09\/4-1536x1024.jpg 1536w, https:\/\/www.hkf-plv.com\/wp-content\/uploads\/2020\/09\/4-2048x1365.jpg 2048w, https:\/\/www.hkf-plv.com\/wp-content\/uploads\/2020\/09\/4-2000x1333.jpg 2000w, https:\/\/www.hkf-plv.com\/wp-content\/uploads\/2020\/09\/4-1600x1067.jpg 1600w, https:\/\/www.hkf-plv.com\/wp-content\/uploads\/2020\/09\/4-1200x800.jpg 1200w, https:\/\/www.hkf-plv.com\/wp-content\/uploads\/2020\/09\/4-900x600.jpg 900w, https:\/\/www.hkf-plv.com\/wp-content\/uploads\/2020\/09\/4-600x400.jpg 600w, https:\/\/www.hkf-plv.com\/wp-content\/uploads\/2020\/09\/4-30x20.jpg 30w\" sizes=\"(max-width: 600px) 100vw, 600px\" \/>\t\t\t\t\t\t\t\t\t\t\t\t\t\t<\/div>\n\t\t\t\t\t\t<\/div>\n\t\t\t\t<\/div>\n\t\t\t\t\t\t<\/div>\n\t\t\t\t\t<\/div>\n\t\t<\/div>\n\t\t\t\t<div class=\"elementor-column elementor-col-33 elementor-top-column elementor-element elementor-element-4258fd6\" data-id=\"4258fd6\" data-element_type=\"column\">\n\t\t\t<div class=\"elementor-column-wrap elementor-element-populated\">\n\t\t\t\t\t\t\t<div class=\"elementor-widget-wrap\">\n\t\t\t\t\t\t<div class=\"elementor-element elementor-element-4df79dd elementor-widget elementor-widget-image\" data-id=\"4df79dd\" data-element_type=\"widget\" data-widget_type=\"image.default\">\n\t\t\t\t<div class=\"elementor-widget-container\">\n\t\t\t\t\t\t\t\t<div class=\"elementor-image\">\n\t\t\t\t\t\t\t\t\t\t\t\t<img width=\"600\" height=\"429\" src=\"https:\/\/www.hkf-plv.com\/wp-content\/uploads\/2020\/09\/3-1024x732.jpg\" class=\"attachment-large size-large\" alt=\"\" loading=\"lazy\" srcset=\"https:\/\/www.hkf-plv.com\/wp-content\/uploads\/2020\/09\/3-1024x732.jpg 1024w, https:\/\/www.hkf-plv.com\/wp-content\/uploads\/2020\/09\/3-300x215.jpg 300w, https:\/\/www.hkf-plv.com\/wp-content\/uploads\/2020\/09\/3-768x549.jpg 768w, https:\/\/www.hkf-plv.com\/wp-content\/uploads\/2020\/09\/3-1536x1099.jpg 1536w, https:\/\/www.hkf-plv.com\/wp-content\/uploads\/2020\/09\/3-2048x1465.jpg 2048w, https:\/\/www.hkf-plv.com\/wp-content\/uploads\/2020\/09\/3-2000x1430.jpg 2000w, https:\/\/www.hkf-plv.com\/wp-content\/uploads\/2020\/09\/3-1600x1144.jpg 1600w, https:\/\/www.hkf-plv.com\/wp-content\/uploads\/2020\/09\/3-1200x858.jpg 1200w, https:\/\/www.hkf-plv.com\/wp-content\/uploads\/2020\/09\/3-900x644.jpg 900w, https:\/\/www.hkf-plv.com\/wp-content\/uploads\/2020\/09\/3-600x429.jpg 600w, https:\/\/www.hkf-plv.com\/wp-content\/uploads\/2020\/09\/3-30x21.jpg 30w\" sizes=\"(max-width: 600px) 100vw, 600px\" \/>\t\t\t\t\t\t\t\t\t\t\t\t\t\t<\/div>\n\t\t\t\t\t\t<\/div>\n\t\t\t\t<\/div>\n\t\t\t\t\t\t<\/div>\n\t\t\t\t\t<\/div>\n\t\t<\/div>\n\t\t\t\t<div class=\"elementor-column elementor-col-33 elementor-top-column elementor-element elementor-element-c342386\" data-id=\"c342386\" data-element_type=\"column\">\n\t\t\t<div class=\"elementor-column-wrap elementor-element-populated\">\n\t\t\t\t\t\t\t<div class=\"elementor-widget-wrap\">\n\t\t\t\t\t\t<div class=\"elementor-element elementor-element-0de4251 elementor-widget elementor-widget-image\" data-id=\"0de4251\" data-element_type=\"widget\" data-widget_type=\"image.default\">\n\t\t\t\t<div class=\"elementor-widget-container\">\n\t\t\t\t\t\t\t\t<div class=\"elementor-image\">\n\t\t\t\t\t\t\t\t\t\t\t\t<img width=\"600\" height=\"400\" src=\"https:\/\/www.hkf-plv.com\/wp-content\/uploads\/2020\/09\/5-1024x683.jpg\" class=\"attachment-large size-large\" alt=\"\" loading=\"lazy\" srcset=\"https:\/\/www.hkf-plv.com\/wp-content\/uploads\/2020\/09\/5-1024x683.jpg 1024w, https:\/\/www.hkf-plv.com\/wp-content\/uploads\/2020\/09\/5-300x200.jpg 300w, https:\/\/www.hkf-plv.com\/wp-content\/uploads\/2020\/09\/5-768x512.jpg 768w, https:\/\/www.hkf-plv.com\/wp-content\/uploads\/2020\/09\/5-1536x1024.jpg 1536w, https:\/\/www.hkf-plv.com\/wp-content\/uploads\/2020\/09\/5-2048x1365.jpg 2048w, https:\/\/www.hkf-plv.com\/wp-content\/uploads\/2020\/09\/5-2000x1333.jpg 2000w, https:\/\/www.hkf-plv.com\/wp-content\/uploads\/2020\/09\/5-1600x1067.jpg 1600w, https:\/\/www.hkf-plv.com\/wp-content\/uploads\/2020\/09\/5-1200x800.jpg 1200w, https:\/\/www.hkf-plv.com\/wp-content\/uploads\/2020\/09\/5-900x600.jpg 900w, https:\/\/www.hkf-plv.com\/wp-content\/uploads\/2020\/09\/5-600x400.jpg 600w, https:\/\/www.hkf-plv.com\/wp-content\/uploads\/2020\/09\/5-30x20.jpg 30w\" sizes=\"(max-width: 600px) 100vw, 600px\" \/>\t\t\t\t\t\t\t\t\t\t\t\t\t\t<\/div>\n\t\t\t\t\t\t<\/div>\n\t\t\t\t<\/div>\n\t\t\t\t\t\t<\/div>\n\t\t\t\t\t<\/div>\n\t\t<\/div>\n\t\t\t\t\t\t\t\t<\/div>\n\t\t\t\t\t<\/div>\n\t\t<\/section>\n\t\t\t\t<section class=\"elementor-section elementor-top-section elementor-element elementor-element-e53c50a elementor-section-stretched elementor-section-boxed elementor-section-height-default elementor-section-height-default\" data-id=\"e53c50a\" data-element_type=\"section\" data-settings=\"{&quot;stretch_section&quot;:&quot;section-stretched&quot;}\">\n\t\t\t\t\t\t<div class=\"elementor-container elementor-column-gap-default\">\n\t\t\t\t\t\t\t<div class=\"elementor-row\">\n\t\t\t\t\t<div class=\"elementor-column elementor-col-100 elementor-top-column elementor-element elementor-element-717e390\" data-id=\"717e390\" data-element_type=\"column\">\n\t\t\t<div class=\"elementor-column-wrap elementor-element-populated\">\n\t\t\t\t\t\t\t<div class=\"elementor-widget-wrap\">\n\t\t\t\t\t\t<div class=\"elementor-element elementor-element-321e314 elementor-widget elementor-widget-text-editor\" data-id=\"321e314\" data-element_type=\"widget\" data-widget_type=\"text-editor.default\">\n\t\t\t\t<div class=\"elementor-widget-container\">\n\t\t\t\t\t\t\t\t<div class=\"elementor-text-editor elementor-clearfix\">\n\t\t\t\t<p style=\"text-align: center;\"><span style=\"color: #111111; font-family: 'IBM Plex Sans Condensed', sans-serif; font-size: 16px; font-weight: bold; letter-spacing: 0.1em; text-align: center; text-transform: uppercase;\">OUR FAITHFUL, INVOLVED AND RESPONSIVE COLLABORATORS GUARANTEE THE SUCCESS OF ALL YOUR CAMPAIGNS, FROM SINGLE, TO SMALL, MEDIUM OR LARGE PRODUCTIONS.<\/span><\/p><h5 style=\"text-align: center;\">WE WORK ALL TYPE OF\u00a0<u>T<\/u><span style=\"text-decoration-line: underline;\">MATERIALS<\/span>\u00a0: WOOD, METAL, PLASTICS, CARDBOARD, FABRIC, RESIN...\u00a0<\/h5><h5 style=\"text-align: center;\">To meet your needs in POS, FURNITURE, PACKAGING, SHOWCASE, LEATHER GOODS AND PROMOTIONAL ITEMS, PROPS until their installation.<\/h5>\t\t\t\t\t<\/div>\n\t\t\t\t\t\t<\/div>\n\t\t\t\t<\/div>\n\t\t\t\t\t\t<\/div>\n\t\t\t\t\t<\/div>\n\t\t<\/div>\n\t\t\t\t\t\t\t\t<\/div>\n\t\t\t\t\t<\/div>\n\t\t<\/section>\n\t\t\t\t\t\t\t\t\t<\/div>\n\t\t\t<\/div>\n\t\t\t\t\t<\/div>","protected":false},"excerpt":{"rendered":"<p>DEPUIS 2004,&nbsp;HKF FRANCE INTERVIENT AUPR\u00c8S DES ANNONCEURS ET AGENCES POUR LE&nbsp;CONSEIL, LA&nbsp;CR\u00c9ATION, LA&nbsp;PRODUCTION&nbsp;ET LE D\u00c9PLOIEMENT&nbsp;DE LEURS PROJETS DE&nbsp;MARKETING POINT DE VENTE. &nbsp; GR\u00c2CE \u00c0 LA FID\u00c9LIT\u00c9 DE NOS CLIENTS, NOUS AVONS SU NOUS IMPOSER SUR CE MARCH\u00c9 TR\u00c8S CONCURRENTIEL DANS LES UNIVERS DE L&rsquo;HBJO, DE LA&nbsp;LUNETTERIE, DE LA&nbsp;COSM\u00c9TIQUE, DU&nbsp;PR\u00caT \u00c0 PORTER, DE LA&nbsp;DISTRIBUTION S\u00c9LECTIVE&nbsp;OU ENCORE&#8230;<\/p>\n<div class=\"[&hellip;]\"><a href=\"https:\/\/www.hkf-plv.com\/en\/apropos\/\">Read More <i class=\"os-icon os-icon-angle-right\"><\/i><\/a><\/div>","protected":false},"author":1,"featured_media":0,"parent":0,"menu_order":0,"comment_status":"closed","ping_status":"closed","template":"","meta":{"inline_featured_image":false},"_links":{"self":[{"href":"https:\/\/www.hkf-plv.com\/en\/wp-json\/wp\/v2\/pages\/7"}],"collection":[{"href":"https:\/\/www.hkf-plv.com\/en\/wp-json\/wp\/v2\/pages"}],"about":[{"href":"https:\/\/www.hkf-plv.com\/en\/wp-json\/wp\/v2\/types\/page"}],"author":[{"embeddable":true,"href":"https:\/\/www.hkf-plv.com\/en\/wp-json\/wp\/v2\/users\/1"}],"replies":[{"embeddable":true,"href":"https:\/\/www.hkf-plv.com\/en\/wp-json\/wp\/v2\/comments?post=7"}],"version-history":[{"count":89,"href":"https:\/\/www.hkf-plv.com\/en\/wp-json\/wp\/v2\/pages\/7\/revisions"}],"predecessor-version":[{"id":1376,"href":"https:\/\/www.hkf-plv.com\/en\/wp-json\/wp\/v2\/pages\/7\/revisions\/1376"}],"wp:attachment":[{"href":"https:\/\/www.hkf-plv.com\/en\/wp-json\/wp\/v2\/media?parent=7"}],"curies":[{"name":"wp","href":"https:\/\/api.w.org\/{rel}","templated":true}]}}