{"id":326,"date":"2020-10-05T10:09:44","date_gmt":"2020-10-05T08:09:44","guid":{"rendered":"https:\/\/www.hkf-plv.com\/?page_id=326"},"modified":"2023-06-12T16:38:08","modified_gmt":"2023-06-12T14:38:08","slug":"accueil","status":"publish","type":"page","link":"https:\/\/www.hkf-plv.com\/fr\/","title":{"rendered":"Accueil"},"content":{"rendered":"\t\t<div data-elementor-type=\"wp-page\" data-elementor-id=\"326\" class=\"elementor elementor-326\">\n\t\t\t\t\t\t<div class=\"elementor-inner\">\n\t\t\t\t<div class=\"elementor-section-wrap\">\n\t\t\t\t\t\t\t\t\t<section class=\"elementor-section elementor-top-section elementor-element elementor-element-7ea6e9bc elementor-section-boxed elementor-section-height-default elementor-section-height-default\" data-id=\"7ea6e9bc\" data-element_type=\"section\">\n\t\t\t\t\t\t<div class=\"elementor-container elementor-column-gap-default\">\n\t\t\t\t\t\t\t<div class=\"elementor-row\">\n\t\t\t\t\t<div class=\"elementor-column elementor-col-100 elementor-top-column elementor-element elementor-element-2cf7d030\" data-id=\"2cf7d030\" data-element_type=\"column\">\n\t\t\t<div class=\"elementor-column-wrap elementor-element-populated\">\n\t\t\t\t\t\t\t<div class=\"elementor-widget-wrap\">\n\t\t\t\t\t\t<div class=\"elementor-element elementor-element-5084e9ec elementor-widget elementor-widget-text-editor\" data-id=\"5084e9ec\" data-element_type=\"widget\" data-widget_type=\"text-editor.default\">\n\t\t\t\t<div class=\"elementor-widget-container\">\n\t\t\t\t\t\t\t\t<div class=\"elementor-text-editor elementor-clearfix\">\n\t\t\t\t<!-- wp:paragraph {\"align\":\"center\"} -->\n<p class=\"has-text-align-center\">Depuis 2004, HKF France intervient aupr\u00e8s des annonceurs et agences pour le conseil, la cr\u00e9ation, la production et le d\u00e9ploiement de leurs projets de marketing point de vente.<\/p>\n<!-- \/wp:paragraph --><!-- wp:image {\"align\":\"center\",\"id\":1148,\"width\":45,\"height\":25,\"sizeSlug\":\"large\"} -->\n<div class=\"wp-block-image\">\n<figure class=\"aligncenter size-large is-resized\"><a href=\"https:\/\/www.linkedin.com\/company\/hkf-ltd\/\" target=\"_blank\" rel=\"noopener noreferrer\"><img loading=\"lazy\" class=\"wp-image-1148\" src=\"https:\/\/www.hkf-plv.com\/wp-content\/uploads\/2021\/05\/LinkedIn-Symbole-1024x576.png\" alt=\"\" width=\"45\" height=\"25\" srcset=\"https:\/\/www.hkf-plv.com\/wp-content\/uploads\/2021\/05\/LinkedIn-Symbole-1024x576.png 1024w, https:\/\/www.hkf-plv.com\/wp-content\/uploads\/2021\/05\/LinkedIn-Symbole-300x169.png 300w, https:\/\/www.hkf-plv.com\/wp-content\/uploads\/2021\/05\/LinkedIn-Symbole-768x432.png 768w, https:\/\/www.hkf-plv.com\/wp-content\/uploads\/2021\/05\/LinkedIn-Symbole-1536x864.png 1536w, https:\/\/www.hkf-plv.com\/wp-content\/uploads\/2021\/05\/LinkedIn-Symbole-2048x1152.png 2048w, https:\/\/www.hkf-plv.com\/wp-content\/uploads\/2021\/05\/LinkedIn-Symbole-16x9.png 16w, https:\/\/www.hkf-plv.com\/wp-content\/uploads\/2021\/05\/LinkedIn-Symbole-2000x1125.png 2000w, https:\/\/www.hkf-plv.com\/wp-content\/uploads\/2021\/05\/LinkedIn-Symbole-1600x900.png 1600w, https:\/\/www.hkf-plv.com\/wp-content\/uploads\/2021\/05\/LinkedIn-Symbole-1200x675.png 1200w, https:\/\/www.hkf-plv.com\/wp-content\/uploads\/2021\/05\/LinkedIn-Symbole-900x506.png 900w, https:\/\/www.hkf-plv.com\/wp-content\/uploads\/2021\/05\/LinkedIn-Symbole-600x338.png 600w, https:\/\/www.hkf-plv.com\/wp-content\/uploads\/2021\/05\/LinkedIn-Symbole-30x17.png 30w\" sizes=\"(max-width: 45px) 100vw, 45px\" \/><\/a><\/figure>\n<\/div>\n<!-- \/wp:image --><!-- wp:paragraph -->\n<p>\u00a0<\/p>\n<!-- \/wp:paragraph -->\t\t\t\t\t<\/div>\n\t\t\t\t\t\t<\/div>\n\t\t\t\t<\/div>\n\t\t\t\t\t\t<\/div>\n\t\t\t\t\t<\/div>\n\t\t<\/div>\n\t\t\t\t\t\t\t\t<\/div>\n\t\t\t\t\t<\/div>\n\t\t<\/section>\n\t\t\t\t\t\t\t\t\t<\/div>\n\t\t\t<\/div>\n\t\t\t\t\t<\/div>\n\t\t","protected":false},"excerpt":{"rendered":"<p>Depuis 2004, HKF France intervient aupr\u00e8s des annonceurs et agences pour le conseil, la cr\u00e9ation, la production et le d\u00e9ploiement de leurs projets de marketing point de vente. &nbsp;<\/p>\n","protected":false},"author":1,"featured_media":0,"parent":0,"menu_order":0,"comment_status":"closed","ping_status":"closed","template":"page-list-categories.php","meta":{"inline_featured_image":false},"_links":{"self":[{"href":"https:\/\/www.hkf-plv.com\/fr\/wp-json\/wp\/v2\/pages\/326"}],"collection":[{"href":"https:\/\/www.hkf-plv.com\/fr\/wp-json\/wp\/v2\/pages"}],"about":[{"href":"https:\/\/www.hkf-plv.com\/fr\/wp-json\/wp\/v2\/types\/page"}],"author":[{"embeddable":true,"href":"https:\/\/www.hkf-plv.com\/fr\/wp-json\/wp\/v2\/users\/1"}],"replies":[{"embeddable":true,"href":"https:\/\/www.hkf-plv.com\/fr\/wp-json\/wp\/v2\/comments?post=326"}],"version-history":[{"count":50,"href":"https:\/\/www.hkf-plv.com\/fr\/wp-json\/wp\/v2\/pages\/326\/revisions"}],"predecessor-version":[{"id":1670,"href":"https:\/\/www.hkf-plv.com\/fr\/wp-json\/wp\/v2\/pages\/326\/revisions\/1670"}],"wp:attachment":[{"href":"https:\/\/www.hkf-plv.com\/fr\/wp-json\/wp\/v2\/media?parent=326"}],"curies":[{"name":"wp","href":"https:\/\/api.w.org\/{rel}","templated":true}]}}