{"id":651,"date":"2020-10-07T15:07:30","date_gmt":"2020-10-07T13:07:30","guid":{"rendered":"https:\/\/www.hkf-plv.com\/?page_id=651"},"modified":"2021-05-10T14:26:06","modified_gmt":"2021-05-10T12:26:06","slug":"actualite","status":"publish","type":"page","link":"https:\/\/www.hkf-plv.com\/fr\/actualite\/","title":{"rendered":"Actualit\u00e9"},"content":{"rendered":"\n<p class=\"has-text-align-center\">Pour \u00eatre au courant de toutes nos derni\u00e8res actualit\u00e9s, rendez-vous sur notre page linkedin !<\/p>\n\n\n\n<p>&nbsp;<\/p>\n\n\n\n<div class=\"wp-block-image\"><figure class=\"aligncenter size-large is-resized\"><a href=\"https:\/\/www.linkedin.com\/company\/hkf-ltd\/\" target=\"_blank\" rel=\"noopener noreferrer\"><img loading=\"lazy\" src=\"https:\/\/www.hkf-plv.com\/wp-content\/uploads\/2021\/05\/LinkedIn-Symbole-1-1024x576.png\" alt=\"\" class=\"wp-image-1151\" width=\"42\" height=\"24\" srcset=\"https:\/\/www.hkf-plv.com\/wp-content\/uploads\/2021\/05\/LinkedIn-Symbole-1-1024x576.png 1024w, https:\/\/www.hkf-plv.com\/wp-content\/uploads\/2021\/05\/LinkedIn-Symbole-1-300x169.png 300w, https:\/\/www.hkf-plv.com\/wp-content\/uploads\/2021\/05\/LinkedIn-Symbole-1-768x432.png 768w, https:\/\/www.hkf-plv.com\/wp-content\/uploads\/2021\/05\/LinkedIn-Symbole-1-1536x864.png 1536w, https:\/\/www.hkf-plv.com\/wp-content\/uploads\/2021\/05\/LinkedIn-Symbole-1-2048x1152.png 2048w, https:\/\/www.hkf-plv.com\/wp-content\/uploads\/2021\/05\/LinkedIn-Symbole-1-16x9.png 16w, https:\/\/www.hkf-plv.com\/wp-content\/uploads\/2021\/05\/LinkedIn-Symbole-1-2000x1125.png 2000w, https:\/\/www.hkf-plv.com\/wp-content\/uploads\/2021\/05\/LinkedIn-Symbole-1-1600x900.png 1600w, https:\/\/www.hkf-plv.com\/wp-content\/uploads\/2021\/05\/LinkedIn-Symbole-1-1200x675.png 1200w, https:\/\/www.hkf-plv.com\/wp-content\/uploads\/2021\/05\/LinkedIn-Symbole-1-900x506.png 900w, https:\/\/www.hkf-plv.com\/wp-content\/uploads\/2021\/05\/LinkedIn-Symbole-1-600x338.png 600w, https:\/\/www.hkf-plv.com\/wp-content\/uploads\/2021\/05\/LinkedIn-Symbole-1-30x17.png 30w\" sizes=\"(max-width: 42px) 100vw, 42px\" \/><\/a><\/figure><\/div>\n\n\n\n<p><\/p>\n\n\n<p><!-- p><a href=\"https:\/\/www.linkedin.com\/company\/hkf-ltd\/\" target=\"_blank\" rel=\"noopener noreferrer\"><i class=\"fab fa-linkedin\"><\/i><\/a><\/p --><\/p>","protected":false},"excerpt":{"rendered":"<p>Pour \u00eatre au courant de toutes nos derni\u00e8res actualit\u00e9s, rendez-vous sur notre page linkedin ! &nbsp;<\/p>\n","protected":false},"author":1,"featured_media":0,"parent":0,"menu_order":0,"comment_status":"closed","ping_status":"closed","template":"page-masonry.php","meta":{"inline_featured_image":false},"_links":{"self":[{"href":"https:\/\/www.hkf-plv.com\/fr\/wp-json\/wp\/v2\/pages\/651"}],"collection":[{"href":"https:\/\/www.hkf-plv.com\/fr\/wp-json\/wp\/v2\/pages"}],"about":[{"href":"https:\/\/www.hkf-plv.com\/fr\/wp-json\/wp\/v2\/types\/page"}],"author":[{"embeddable":true,"href":"https:\/\/www.hkf-plv.com\/fr\/wp-json\/wp\/v2\/users\/1"}],"replies":[{"embeddable":true,"href":"https:\/\/www.hkf-plv.com\/fr\/wp-json\/wp\/v2\/comments?post=651"}],"version-history":[{"count":42,"href":"https:\/\/www.hkf-plv.com\/fr\/wp-json\/wp\/v2\/pages\/651\/revisions"}],"predecessor-version":[{"id":1153,"href":"https:\/\/www.hkf-plv.com\/fr\/wp-json\/wp\/v2\/pages\/651\/revisions\/1153"}],"wp:attachment":[{"href":"https:\/\/www.hkf-plv.com\/fr\/wp-json\/wp\/v2\/media?parent=651"}],"curies":[{"name":"wp","href":"https:\/\/api.w.org\/{rel}","templated":true}]}}